{"id":249,"date":"2016-07-31T12:30:49","date_gmt":"2016-07-31T12:30:49","guid":{"rendered":"http:\/\/penycymoeddcic.cymru\/cy\/faqs\/"},"modified":"2020-12-02T12:11:24","modified_gmt":"2020-12-02T12:11:24","slug":"cwestiynau-cyffredin","status":"publish","type":"page","link":"https:\/\/penycymoeddcic.cymru\/cy\/cwestiynau-cyffredin\/","title":{"rendered":"Cwestiynau Cyffredin"},"content":{"rendered":"<div class=\"wpb-content-wrapper\"><p>[vc_row heading_color=&#8221;light&#8221; middle_content=&#8221;yes&#8221; bg_type=&#8221;color&#8221; header_feature=&#8221;yes&#8221; bg_color=&#8221;#3c3669&#8243; font_color=&#8221;#ffffff&#8221; padding_top=&#8221;15&#8243; padding_bottom=&#8221;15&#8243;][vc_column][vc_custom_heading text=&#8221;Cwestiynau Cyffredin&#8221; font_container=&#8221;tag:h2|text_align:left|color:%23ffffff&#8221; google_fonts=&#8221;font_family:Lato%3A100%2C100italic%2C300%2C300italic%2Cregular%2Citalic%2C700%2C700italic%2C900%2C900italic|font_style:300%20light%20regular%3A300%3Anormal&#8221;][\/vc_column][\/vc_row][vc_row][vc_column][vc_tta_accordion c_align=&#8221;center&#8221; c_icon=&#8221;triangle&#8221; active_section=&#8221;14&#8243; collapsible_all=&#8221;true&#8221;][vc_tta_section title=&#8221;Sut sefydlwyd y gronfa?&#8221; tab_id=&#8221;1472331994454-75887905-6f08&#8243;][vc_column_text]<span style=\"color: #3d4044;\"><span style=\"font-size: medium;\"><span lang=\"cy\">Pan ddyfarnwyd i gwmni ynni Vattenfall y contract gan Lywodraeth Cymru i ddatblygu fferm wynt Pen y Cymoedd Cytunasant i sefydlu cronfa gymunedol a reolir yn annibynnol er budd y cymunedau hynny a effeithir yn fwyaf uniongyrchol gan y datblygiad.\u00a0 Mae cronfeydd tebyg yn bodoli mewn ardaloedd eraill lle mae ffermydd gwynt yn gweithredu, ond gydag incwm gwarantedig o \u00a31,800,000 y flwyddyn tan 2043, Pen y Cymoedd yw&#8217;r gronfa fwyaf o&#8217;i fath o bell ffordd yn Lloegr &amp; Nghymru. Mae&#8217;r Gronfa wedi&#8217;i sefydlu fel cwmni buddiannau cymunedol, gan sicrhau annibyniaeth o Vattenfall a chan y Llywodraeth, ac fel sefydliad dielw Mae&#8217;n sicrhau bod adnoddau&#8217;n cael eu buddsoddi ar gyfer y budd mwyaf posibl i gymunedau mewn prosiectau lleol \u00e2 blaenoriaeth. Mae&#8217;r Gronfa wedi&#8217;i sefydlu fel cwmni buddiannau cymunedol, gan sicrhau annibyniaeth o Vattenfall a chan y Llywodraeth, ac fel sefydliad dielw Mae&#8217;n gallu gwneud y mwyaf o ddosbarthiad yr arian yn uniongyrchol i brosiectau lleol.<\/span><\/span><\/span>[\/vc_column_text][\/vc_tta_section][vc_tta_section title=&#8221;Pa gymunedau sy&#8217;n elwa o&#8217;r gronfa?&#8221; tab_id=&#8221;1472331994491-7f241a94-10ba&#8221;][vc_column_text]<span style=\"font-family: Times New Roman, serif;\"><span style=\"font-size: medium;\"><span style=\"color: #3d4044;\"><span style=\"font-family: Calibri, serif;\"><span lang=\"cy\">Yn bennaf, y cymunedau sy&#8217;n gymwys i gael cymorth yw&#8217;r rhai ym Mlaenau Cymoedd nedd, Afan, Rhondda a Chynon. Gellir gweld rhestr lawn o drefi a phentrefi o fewn ein maes budd <\/span><\/span><\/span><span style=\"color: #0563c1;\"><u><a href=\"https:\/\/penycymoeddcic.cymru\/wp-content\/uploads\/2017\/04\/AOB-Towns-and-Villages-PDF-1-1.pdf\"><span style=\"font-family: Calibri, serif;\"><span lang=\"cy\">yma<\/span><\/span><\/a><\/u><\/span><span style=\"color: #3d4044;\"><span style=\"font-family: Calibri, serif;\"><span lang=\"cy\">.<br \/>\n<\/span><\/span><\/span><\/span><\/span><\/p>\n<p><span style=\"font-family: Times New Roman, serif;\"><span style=\"font-size: medium;\"><span style=\"color: #3d4044;\"><span style=\"font-family: Calibri, serif;\"><span lang=\"cy\">Mae gennym ddiddordeb mewn cynigion gweithgarwch a fydd yn cael effaith gadarnhaol ar gymunedau o fewn y maes hwn o fudd. Mae&#8217;n bosibl i ymgeiswyr gael eu lleoli y tu allan i&#8217;r ardal, ond rhaid i&#8217;r gweithgaredd neu&#8217;r prosiect a gynigir fod o fudd uniongyrchol i gymunedau oddi mewn iddo. Os nad ydych yn si\u0175r a yw syniadau eich sefydliad neu gynnig yn dod o fewn yr ardal, cysylltwch \u00e2 ni.<\/span><\/span><\/span><\/span><\/span>[\/vc_column_text][\/vc_tta_section][vc_tta_section title=&#8221;Pwy all ymgeisio am grant gan y Gronfa Grantiau Bychain?&#8221; tab_id=&#8221;1472332263678-294c8fe5-fd06&#8243;][vc_column_text]Mae dau edefyn ymgeisio i&#8217;r Gronfa Grantiau Bychain, pob un \u00e2&#8217;i Ffurflen Gais ei hun:<\/p>\n<p><strong>A. Cronfa Grantiau Bychain: Cymunedau<\/strong> &#8211; ar gyfer mudiadau gwirfoddol a chymunedol, mentrau cymdeithasol, cynghorau cymuned a thref, a chymdeithasau rhieni ac athrawon mewn ysgolion.<\/p>\n<p>Er na all cyrff statudol ymgeisio am grant gan y Gronfa Grantiau Bychain, rydym yn croesawu prosiectau neu weithgareddau sydd wedi eu\u00a0datblygu a&#8217;u cyflwyno ar y cyd. Rydym yn croesawu gwaith partneriaeth gyda&#8217;r sector statudol.<\/p>\n<p>Os ydych yn fudiad newydd mae&#8217;n bosib na fydd gennych y rhain mewn lle ar hyn o bryd, ond i dderbyn grant bydd angen y canlynol arnoch chi:<\/p>\n<ul>\n<li>O leiaf cyfansoddiad sylfaenol a chyfrif banc, Cymdeithas Adeiladu neu Undeb Credyd yn enw eich mudiad<\/li>\n<li>O leiaf tri pherson nad ydynt yn perthyn i&#8217;w gilydd ar eich corff llywodraethu \/ pwyllgor rheoli.<\/li>\n<li>Polisi aelodaeth agored. Wrth hyn rydym yn golygu y dylai fod croeso i unrhyw un sydd am gymryd rhan yn eich mudiad, gr\u0175p neu weithgaredd wneud hynny, oni bai bod rhesymau clir pam nad yw hyn yn bosib. Os oes unrhyw gyfyngiadau, dylech esbonio yn eich cais pam fod gennych y rhain.<\/li>\n<\/ul>\n<p><strong>B. Cronfa Grantiau Bychain: Microfusnesau<\/strong> \u2013 ar gyfer unigolion, busnesau newydd a rhai sy&#8217;n bodoli eisoes y maent eisiau datblygu neu ddechrau menter, datblygu sgiliau a hyfforddiant etc.<\/p>\n<p>Fel arfer bydd grantiau&#8217;r Gronfa Microfusnesau rhwng \u00a3300 &#8211; \u00a31,000 a gallant gefnogi mynediad i hyfforddiant a chychwyn a datblygu busnesau. Mewn amgylchiadau eithriadol, gellir dyfarnu grantiau hyd at uchafswm o \u00a35,000.<\/p>\n<p>Os ydych yn fusnes newydd mae&#8217;n bosib na fydd gennych y rhain mewn lle ar hyn o bryd, ond i dderbyn grant bydd angen y canlynol arnoch chi:<\/p>\n<ul>\n<li>Cyfrif banc, Cymdeithas Adeiladu neu Undeb Credyd yn enw eich busnes<\/li>\n<li>Vod yn gofrestredig gyda Chyllid a Thollau EM &#8211; gallwch gael mwy o wybodaeth <a href=\"https:\/\/www.gov.uk\/log-in-register-hmrc-online-services\/register\" target=\"_blank\" rel=\"noopener noreferrer\">yma<\/a>.<\/li>\n<\/ul>\n<p>&nbsp;<\/p>\n<p>&nbsp;<\/p>\n<p>[\/vc_column_text][\/vc_tta_section][\/vc_tta_accordion][vc_tta_accordion c_align=&#8221;center&#8221; c_icon=&#8221;triangle&#8221; active_section=&#8221;15&#8243; collapsible_all=&#8221;true&#8221;][vc_tta_section title=&#8221;Beth na all y Gronfa Grantiau Bychain ei gefnogi?&#8221; tab_id=&#8221;1472332494805-bd9dbbb7-74bf&#8221;][vc_column_text]<\/p>\n<ul>\n<li>gweithgareddau nad oes ganddynt effaith uniongyrchol ar yr ardal sy&#8217;n elwa<\/li>\n<li>ceisiadau gan gyrff sector cyhoeddus<\/li>\n<li>ceisiadau gan unigolion ar wah\u00e2n i&#8217;r rhai sydd eisiau sefydlu neu ddatblygu busnes neu ymgymryd \u00e2 hyfforddiant cysylltiedig<\/li>\n<li>Gweithgareddau y mae cyrff sector cyhoeddus yn statudol gyfrifol amdanynt<\/li>\n<li>Gweithgareddau sy&#8217;n ymwneud \u00e2 phleidiau gwleidyddol neu grefydd yn unig<\/li>\n<li>Gwariant\/costau a dalwyd yn y gorffennol ar gyfer gweithgareddau sydd eisoes wedi digwydd<\/li>\n<li>Digwyddiadau cymdeithasol unigol nad ydynt yn rhan o weithgaredd ehangach<\/li>\n<li>TAW y gallwch ei hadennill<\/li>\n<\/ul>\n<p>[\/vc_column_text][\/vc_tta_section][vc_tta_section title=&#8221;Beth am arian cyfatebol?&#8221; tab_id=&#8221;1472332494984-48a72290-3f92&#8243;][vc_column_text]<span style=\"font-size: medium;\"><span style=\"color: #3d4044;\"><span style=\"font-family: Calibri, serif;\"><span lang=\"cy\"><span style=\"font-family: Times New Roman, serif;\">Cronfa micro: gall y gronfa dalu am ran neu&#8217;r cyfan o&#8217;ch gweithgarwch neu brosiect &#8211; <\/span><\/span><\/span><\/span><\/span><span style=\"font-size: medium;\"><span style=\"color: #3d4044;\"> <span style=\"font-family: Calibri, serif;\"><span lang=\"cy\">Os bydd eich gweithgarwch yn costio mwy na \u00a35,000, bydd angen i chi ddweud wrthym o ble y daw gweddill y cyllid a phryd y bydd yn debygol o fod ar waith. Os bydd eich cais yn llwyddiannus, efallai y byddwn yn gofyn am gael gweld cop\u00efau o dderbynebau, cyfriflenni banc ac ati \u2013 felly cadwch nhw&#8217;n ddiogel.<\/span><\/span><\/span><\/span><\/p>\n<p><span style=\"font-size: medium;\"><span style=\"color: #3d4044;\"><span style=\"font-family: Calibri, serif;\"><span lang=\"cy\"><span style=\"font-family: Times New Roman, serif;\">Cronfa gweledigaeth: Bydd ceisiadau&#8217;n gryfach os oes arian cyfatebol a dylech archwilio dewisiadau ond rydym yn eich annog i drafod hyn gyda ni pan fyddwn yn cyfarfod i drafod cynnig.<\/span><\/span><\/span><\/span><\/span>[\/vc_column_text][\/vc_tta_section][vc_tta_section title=&#8221;Pa mor gyflym y caiff y penderfyniad ei wneud?&#8221; tab_id=&#8221;1479829262338-3b9829b9-a268&#8243;][vc_column_text]Cronfa Grantiau Bychain: Mae penderfyniadau ar ba un a ddylid dyfarnu grant neu beidio\u2019n cael eu gwneud gan Gyfarwyddwyr y Cwmni Buddiant Cymunedol \u2013 fel arfer o fewn 6 wythnos ar \u00f4l dyddiad cau pob rownd ymgeisio.<br \/>\nY Gronfa Gweledigaeth: Mae hyn yn dibynnu ar ba gynllun rydych yn ymgeisio iddo.<br \/>\nGweler llinell amser y rhaglen yma: <a href=\"https:\/\/penycymoeddcic.cymru\/wp-content\/uploads\/2019\/02\/Application-Timetable-1.pdf\">https:\/\/penycymoeddcic.cymru\/wp-content\/uploads\/2019\/02\/Application-Timetable-1.pdf<\/a>[\/vc_column_text][\/vc_tta_section][vc_tta_section title=&#8221;Beth os byddaf yn colli&#8217;r terfyn amser ymgeisio?&#8221; tab_id=&#8221;1479829339821-689642dc-3e84&#8243;][vc_column_text]Bydd y Gronfa&#8217;n bodoli am o leiaf 20 mlynedd, felly does dim angen am banig os byddwch yn colli terfyn amser neu os bydd angen gwneud ychydig yn fwy owaith ar eich syniad cyn i chi ymgeisio. Mae&#8217;n well i chi gymryd eich amser a sicrhau bod popeth yn ei le fel eich bod yn barod i ddechrau os ydych yn llwyddiannus. Bydd o leiaf dwy rownd o&#8217;r Gronfa Grantiau Bychain bob blwyddyn.[\/vc_column_text][\/vc_tta_section][vc_tta_section title=&#8221;Pa mor gyflym y bydd penderfyniadau&#8217;n cael eu gwneud?&#8221; tab_id=&#8221;1596399162291-aa9b555c-d694&#8243;][vc_column_text]<span style=\"font-size: medium;\"><span style=\"color: #3d4044;\"><span style=\"font-family: Calibri, serif;\"><span lang=\"cy\"><span style=\"font-family: Times New Roman, serif;\">Cronfa micro: ceir dwy rownd y flwyddyn a <\/span><\/span><\/span><\/span><\/span><span style=\"font-size: medium;\"><span style=\"color: #3d4044;\"> <span style=\"font-family: Calibri, serif;\"><span lang=\"cy\">gwneir penderfyniadau ynghylch p&#8217;un a ddylid dyfarnu arian ai peidio o fewn 6 wythnos i bob dyddiad cau cylch ceisiadau.<\/span><\/span><\/span><\/span><\/p>\n<p><span style=\"font-size: medium;\"><span style=\"color: #3d4044;\"><span style=\"font-family: Calibri, serif;\"><span lang=\"cy\"><span style=\"font-family: Times New Roman, serif;\">Cronfa gweledigaeth: Mae hyn yn dibynnu ar ba gynllun rydych yn gwneud cais amdano.<br \/>\n<\/span><\/span><\/span><\/span><\/span><\/p>\n<p><span style=\"font-size: medium;\"><span style=\"color: #3d4044;\"><span style=\"font-family: Calibri, serif;\"><span lang=\"cy\"><span style=\"font-family: Times New Roman, serif;\">Gallwch weld ein llinell amser ymgeisio <\/span><\/span><\/span><span style=\"color: #0563c1;\"><u><a href=\"https:\/\/penycymoeddcic.cymru\/downloads\/\"><span style=\"font-family: Calibri, serif;\"><span lang=\"cy\">yma<\/span><\/span><\/a><\/u><\/span><span style=\"font-family: Calibri, serif;\"><span lang=\"cy\">.<\/span><\/span><\/span><\/span>[\/vc_column_text][\/vc_tta_section][vc_tta_section title=&#8221;A gaf I drafod cais gyda chi?&#8221; tab_id=&#8221;1596399210863-2ede34d3-92be&#8221;][vc_column_text]<span style=\"font-size: medium;\"><span style=\"color: #3d4044;\"><span style=\"font-family: Calibri, serif;\"><span lang=\"cy\"><span style=\"font-family: Times New Roman, serif;\">Ydw yn hollol, rydym yn annog pob ymgeisydd i gysylltu \u00e2 th\u00eem y staff. Gallwn roi cyngor dros y ff\u00f4n, e-bost neu sefydlu apwyntiadau wyneb yn wyneb neu ar-lein.<\/span><\/span><\/span><\/span><\/span>[\/vc_column_text][\/vc_tta_section][\/vc_tta_accordion][\/vc_column][\/vc_row][vc_row heading_color=&#8221;light&#8221; middle_content=&#8221;yes&#8221; bg_type=&#8221;color&#8221; footer_feature=&#8221;yes&#8221; font_color=&#8221;#ffffff&#8221; padding_top=&#8221;3&#8243; padding_bottom=&#8221;3&#8243;][vc_column][vc_column_text]<span style=\"color: #3d4044;\"><span style=\"font-size: medium;\"><span lang=\"cy\"><b>Gallwch hefyd ddod o hyd i lawer o wybodaeth ddefnyddiol arall ar ein gwefan.<\/b><\/span><\/span><\/span><\/p>\n<p><span style=\"color: #3d4044;\"><span style=\"font-size: medium;\"><span lang=\"cy\">Ydych chi eisiau gwybod mwy am y gronfa a&#8217;r staff ac aelodau&#8217;r Bwrdd? Gweler <\/span><\/span><\/span><span style=\"color: #0563c1;\"><u><a href=\"https:\/\/penycymoeddcic.cymru\/cy\/directors-and-staff\/\"><span style=\"font-size: medium;\"><span lang=\"cy\">yma<\/span><\/span><\/a><\/u><\/span><\/p>\n<p><span style=\"color: #3d4044;\"><span style=\"font-size: medium;\"><span lang=\"cy\">Ariannu allan am arian sydd ar gael <\/span><\/span><\/span><span style=\"color: #0563c1;\"><u><a href=\"https:\/\/penycymoeddcic.cymru\/cy\/cyfleoedd-cyllido\/\"><span style=\"font-size: medium;\"><span lang=\"cy\">yma<\/span><\/span><\/a><\/u><\/span><\/p>\n<p><span style=\"color: #3d4044;\"><span style=\"font-size: medium;\"><span lang=\"cy\">Gallwch ddod o hyd i brosbectws cymunedol sy&#8217;n nodi ein blaenoriaethau ariannu <\/span><\/span><\/span><span style=\"color: #0563c1;\"><u><a href=\"https:\/\/penycymoeddcic.cymru\/cy\/ein-blaenoriaethau-ariannu\/\"><span style=\"font-size: medium;\"><span lang=\"cy\">yma<\/span><\/span><\/a><\/u><\/span><\/p>\n<p><span style=\"color: #3d4044;\"><span style=\"font-size: medium;\"><span lang=\"cy\">Darganfyddwch fwy am fonitro a gwerthuso <\/span><\/span><\/span><span style=\"color: #0563c1;\"><u><a href=\"https:\/\/penycymoeddcic.cymru\/cy\/monitro-a-gwerthuso\/\"><span style=\"font-size: medium;\"><span lang=\"cy\">yma<\/span><\/span><\/a><\/u><\/span><\/p>\n<p><span style=\"color: #3d4044;\"><span style=\"font-size: medium;\"><span lang=\"cy\">Gweld ein proffiliau cymunedol <\/span><\/span><\/span><span style=\"color: #0563c1;\"><u><a href=\"https:\/\/penycymoeddcic.cymru\/community-profiles-and-supporting-communities\/\"><span style=\"font-size: medium;\"><span lang=\"cy\">yma<\/span><\/span><\/a><\/u><\/span><\/p>\n<p><span style=\"color: #3d4044;\"><span style=\"font-size: medium;\"><span lang=\"cy\">Gellir dod o hyd i ganllawiau defnyddiol <\/span><\/span><\/span><span style=\"color: #0563c1;\"><u><a href=\"https:\/\/penycymoeddcic.cymru\/cy\/cysylltiadau-defnyddiol\/\"><span style=\"font-size: medium;\"><span lang=\"cy\">yma<\/span><\/span><\/a><\/u><\/span><\/p>\n<p><span style=\"color: #3d4044;\"><span style=\"font-size: medium;\"><span lang=\"cy\">Edrychwch ar ein adran dogfennau am wybodaeth am y Gronfa <\/span><\/span><\/span><span style=\"color: #0563c1;\"><u><a href=\"https:\/\/penycymoeddcic.cymru\/cy\/downloads\/\"><span style=\"font-size: medium;\"><span lang=\"cy\">yma<\/span><\/span><\/a><\/u><\/span>[\/vc_column_text][\/vc_column][\/vc_row]<\/p>\n<\/div>","protected":false},"excerpt":{"rendered":"<p>[vc_row heading_color=&#8221;light&#8221; middle_content=&#8221;yes&#8221; bg_type=&#8221;color&#8221; header_feature=&#8221;yes&#8221; bg_color=&#8221;#3c3669&#8243; font_color=&#8221;#ffffff&#8221; padding_top=&#8221;15&#8243; padding_bottom=&#8221;15&#8243;][vc_column][vc_custom_heading text=&#8221;Cwestiynau Cyffredin&#8221; font_container=&#8221;tag:h2|text_align:left|color:%23ffffff&#8221; google_fonts=&#8221;font_family:Lato%3A100%2C100italic%2C300%2C300italic%2Cregular%2Citalic%2C700%2C700italic%2C900%2C900italic|font_style:300%20light%20regular%3A300%3Anormal&#8221;][\/vc_column][\/vc_row][vc_row][vc_column][vc_tta_accordion c_align=&#8221;center&#8221; c_icon=&#8221;triangle&#8221; active_section=&#8221;14&#8243; collapsible_all=&#8221;true&#8221;][vc_tta_section title=&#8221;Sut sefydlwyd y gronfa?&#8221; tab_id=&#8221;1472331994454-75887905-6f08&#8243;][vc_column_text]Pan ddyfarnwyd i gwmni ynni Vattenfall y contract gan Lywodraeth Cymru i ddatblygu fferm wynt Pen y Cymoedd Cytunasant i sefydlu cronfa gymunedol a reolir yn annibynnol er budd y cymunedau hynny a effeithir [&hellip;]<\/p>\n","protected":false},"author":1,"featured_media":0,"parent":0,"menu_order":0,"comment_status":"closed","ping_status":"closed","template":"","meta":{"footnotes":""},"class_list":["post-249","page","type-page","status-publish","hentry"],"_links":{"self":[{"href":"https:\/\/penycymoeddcic.cymru\/cy\/wp-json\/wp\/v2\/pages\/249","targetHints":{"allow":["GET"]}}],"collection":[{"href":"https:\/\/penycymoeddcic.cymru\/cy\/wp-json\/wp\/v2\/pages"}],"about":[{"href":"https:\/\/penycymoeddcic.cymru\/cy\/wp-json\/wp\/v2\/types\/page"}],"author":[{"embeddable":true,"href":"https:\/\/penycymoeddcic.cymru\/cy\/wp-json\/wp\/v2\/users\/1"}],"replies":[{"embeddable":true,"href":"https:\/\/penycymoeddcic.cymru\/cy\/wp-json\/wp\/v2\/comments?post=249"}],"version-history":[{"count":9,"href":"https:\/\/penycymoeddcic.cymru\/cy\/wp-json\/wp\/v2\/pages\/249\/revisions"}],"predecessor-version":[{"id":3058,"href":"https:\/\/penycymoeddcic.cymru\/cy\/wp-json\/wp\/v2\/pages\/249\/revisions\/3058"}],"wp:attachment":[{"href":"https:\/\/penycymoeddcic.cymru\/cy\/wp-json\/wp\/v2\/media?parent=249"}],"curies":[{"name":"wp","href":"https:\/\/api.w.org\/{rel}","templated":true}]}}